{"id":58819,"date":"2023-10-18T20:10:41","date_gmt":"2023-10-18T11:10:41","guid":{"rendered":"https:\/\/nukiyadvd.com\/?product=%e9%a9%9a%e6%84%95%e3%81%ae%e6%94%be%e8%aa%b2%e5%be%8csex%e3%83%ac%e3%83%9d%e3%83%bc%e3%83%88%e3%82%92%e5%85%ac%e9%96%8b%e3%81%97%e3%81%be%e3%81%99%ef%bc%81-%e3%81%a8%e3%81%82%e3%82%8b%e8%aa%bf"},"modified":"2024-10-09T17:14:55","modified_gmt":"2024-10-09T08:14:55","slug":"%e9%a9%9a%e6%84%95%e3%81%ae%e6%94%be%e8%aa%b2%e5%be%8csex%e3%83%ac%e3%83%9d%e3%83%bc%e3%83%88%e3%82%92%e5%85%ac%e9%96%8b%e3%81%97%e3%81%be%e3%81%99%ef%bc%81-%e3%81%a8%e3%81%82%e3%82%8b%e8%aa%bf","status":"publish","type":"product","link":"https:\/\/nukiyadvd.com\/?product=%e9%a9%9a%e6%84%95%e3%81%ae%e6%94%be%e8%aa%b2%e5%be%8csex%e3%83%ac%e3%83%9d%e3%83%bc%e3%83%88%e3%82%92%e5%85%ac%e9%96%8b%e3%81%97%e3%81%be%e3%81%99%ef%bc%81-%e3%81%a8%e3%81%82%e3%82%8b%e8%aa%bf","title":{"rendered":"\u9a5a\u6115\u306e\u653e\u8ab2\u5f8cSEX\u30ec\u30dd\u30fc\u30c8\u3092\u516c\u958b\u3057\u307e\u3059\uff01 \u3068\u3042\u308b\u8abf\u67fb\u306b\u3088\u308b\u3068\u8fd1\u5e74\u3067\u306fZ\u4e16\u4ee3\u306e\u82e5\u8005\u534a\u6570\u4ee5\u4e0a\u304c\u7537\u5973\u5171\u306b\u6027\u884c\u70ba\u306e\u7d4c\u9a13\u304c\u7121\u3044\u3068\u306e\u5831\u544a\u304c\u4e0a\u304c\u3063\u3066\u304a\u308a\u307e\u3059\u3002"},"content":{"rendered":"","protected":false},"excerpt":{"rendered":"<p>\u3068\u3042\u308b\u8abf\u67fb\u306b\u3088\u308b\u3068\u8fd1\u5e74\u3067\u306fZ\u4e16\u5e2f\u306e\u82e5\u8005\u534a\u6570\u4ee5\u4e0a\u304c\u7537\u5973\u5171\u306b\u6027\u884c\u70ba\u306e\u7d4c\u9a13\u304c\u7121\u3044\u3068\u306e\u5831\u544a\u304c\u4e0a\u304c\u3063\u3066\u304a\u308a\u307e\u3059\u3002\u3057\u304b\u3057\u5e95\u8fba\u5b66\u6821\uff08\u504f\u5dee\u502435\uff09\u306e\u73fe\u5f79\u5b66\u751f\u30de\u30b3\u30c8\u541b\u304c\u653e\u8ab2\u5f8cSEX\u30e9\u30a4\u30d5\u3092\u30ea\u30a2\u30eb\u30ec\u30dd\u30fc\u30c8\uff01\uff01\u3044\u3064\u3082\u306e\u305f\u307e\u308a\u5834\u3067\u5b66\u6821\u5e30\u308a\u306b\u00d7\u00d7\u00d7\u3002\u3053\u306e\u4eba\u305f\u3061\u733f\u306e\u3054\u3068\u304f\u307e\u3050\u308f\u3044\u307e\u3059\uff01\u767a\u60c5\u671f\u306f\u6b62\u307e\u3089\u306a\u3044\uff01 \u5973\u5b50\u305f\u3061\u3082\u3042\u3063\u3051\u3089\u304b\u3093\u3068\u30a8\u30ed\u3044\u3053\u3068\u3092\u3057\u3066\u3044\u308b\u6620\u50cf\u306b\u3053\u306e\u56fd\u306b\u5c06\u6765\u3092\u6848\u3058\u3066\u3057\u307e\u3046\u306e\u306f\u662d\u548c\u4e16\u4ee3\u306e\u79c1\u3060\u3051\u3067\u3042\u308d\u3046\u304b\uff1f\u3053\u3053\u3067\u9a5a\u6115\u306eSEX\u30ec\u30dd\u30fc\u30c8\u3092\u516c\u958b\u3057\u307e\u3059\uff01 \u5de8\u4e73 \u5973\u5b50\u6821\u751f \u4e2d\u51fa\u3057 4\u6642\u9593\u4ee5\u4e0a\u4f5c\u54c1  \u30e2\u30b6\u30a4\u30af G033620<\/p>\n","protected":false},"featured_media":58818,"template":"","meta":[],"product_cat":[21],"product_tag":[744,24,57,26],"class_list":{"0":"post-58819","1":"product","2":"type-product","3":"status-publish","4":"has-post-thumbnail","6":"product_cat-dvd","7":"product_tag-744","8":"product_tag-24","9":"product_tag-57","10":"product_tag-26","12":"first","13":"instock","14":"shipping-taxable","15":"purchasable","16":"product-type-simple"},"_links":{"self":[{"href":"https:\/\/nukiyadvd.com\/index.php?rest_route=\/wp\/v2\/product\/58819","targetHints":{"allow":["GET"]}}],"collection":[{"href":"https:\/\/nukiyadvd.com\/index.php?rest_route=\/wp\/v2\/product"}],"about":[{"href":"https:\/\/nukiyadvd.com\/index.php?rest_route=\/wp\/v2\/types\/product"}],"wp:featuredmedia":[{"embeddable":true,"href":"https:\/\/nukiyadvd.com\/index.php?rest_route=\/wp\/v2\/media\/58818"}],"wp:attachment":[{"href":"https:\/\/nukiyadvd.com\/index.php?rest_route=%2Fwp%2Fv2%2Fmedia&parent=58819"}],"wp:term":[{"taxonomy":"product_cat","embeddable":true,"href":"https:\/\/nukiyadvd.com\/index.php?rest_route=%2Fwp%2Fv2%2Fproduct_cat&post=58819"},{"taxonomy":"product_tag","embeddable":true,"href":"https:\/\/nukiyadvd.com\/index.php?rest_route=%2Fwp%2Fv2%2Fproduct_tag&post=58819"}],"curies":[{"name":"wp","href":"https:\/\/api.w.org\/{rel}","templated":true}]}}