{"id":28670,"date":"2023-06-22T19:50:38","date_gmt":"2023-06-22T10:50:38","guid":{"rendered":"https:\/\/nukiyadvd.com\/?product=%e3%82%ad%e3%83%a1%e3%82%bb%e3%82%af%e7%9b%b8%e9%83%a8%e5%b1%8bntr-%e5%a4%a7%e5%ab%8c%e3%81%84%e3%81%a7%e6%9c%80%e4%bd%8e%e6%9c%80%e6%82%aa%e3%81%aa%e7%b5%b6%e5%80%ab%e5%85%83%e3%82%ab%e3%83%ac"},"modified":"2024-10-09T14:04:39","modified_gmt":"2024-10-09T05:04:39","slug":"%e3%82%ad%e3%83%a1%e3%82%bb%e3%82%af%e7%9b%b8%e9%83%a8%e5%b1%8bntr-%e5%a4%a7%e5%ab%8c%e3%81%84%e3%81%a7%e6%9c%80%e4%bd%8e%e6%9c%80%e6%82%aa%e3%81%aa%e7%b5%b6%e5%80%ab%e5%85%83%e3%82%ab%e3%83%ac","status":"publish","type":"product","link":"https:\/\/nukiyadvd.com\/?product=%e3%82%ad%e3%83%a1%e3%82%bb%e3%82%af%e7%9b%b8%e9%83%a8%e5%b1%8bntr-%e5%a4%a7%e5%ab%8c%e3%81%84%e3%81%a7%e6%9c%80%e4%bd%8e%e6%9c%80%e6%82%aa%e3%81%aa%e7%b5%b6%e5%80%ab%e5%85%83%e3%82%ab%e3%83%ac","title":{"rendered":"\u30ad\u30e1\u30bb\u30af\u76f8\u90e8\u5c4bNTR \u5927\u5acc\u3044\u3067\u6700\u4f4e\u6700\u60aa\u306a\u7d76\u502b\u5143\u30ab\u30ec\u306b\u2026\u5a9a\u85ac\u3092\u98f2\u307e\u3055\u308c\u2026\u00d7\u00d7\u00d7\u3002 \u702c\u4e43\u307f\u306a\u307f"},"content":{"rendered":"","protected":false},"excerpt":{"rendered":"<p>\u540c\u50da\u306e\u5f7c\u3068\u7d50\u5a5a\u2026\u5e78\u305b\u306b\u306a\u308b\u306f\u305a\u3060\u3063\u305f\u306e\u306b\u2026\u4ed8\u304d\u5408\u3063\u3066\u3044\u305f\u904e\u53bb\u3092\u6d88\u3057\u305f\u3044\u307b\u3069\u3001\u6d88\u3048\u306a\u3044\u5fc3\u306e\u50b7\u3092\u8ca0\u308f\u305b\u305f\u3042\u306e\u4eba\u3068\u306e\u51fa\u5f35\u3092\u547d\u3058\u3089\u308c\u308b\u3002\u5bbf\u6cca\u5148\u306e\u30db\u30c6\u30eb\u3067\u5a9a\u85ac\u3092\u98f2\u307e\u3055\u308c\u6700\u60aa\u306a\u904e\u53bb\u304c\u8607\u308b\u3002\u300c\u5f7c\u304c\u5f85\u3063\u3066\u3044\u308b\u306e\u306b\u2026\u3067\u3082\u2026\u3053\u3093\u306a\u30e4\u30d0\u30a4\u306e\u4e45\u3057\u3076\u308a\u2026\u300d\u77e5\u308a\u5c3d\u304f\u3055\u308c\u3066\u305f\u30ab\u30e9\u30c0\u306b\u982d\u304c\u771f\u3063\u767d\u306b\u306a\u3063\u3066\u3044\u304d\u2026\u5168\u3066\u304c\u5d29\u308c\u59cb\u3081\u3066\u3044\u304f\u2026\u3002\u5358\u4f53\u4f5c\u54c1 \u30c9\u30e9\u30c3\u30b0 \u5de8\u4e73 \u30c9\u30e9\u30de \u702c\u4e43\u307f\u306a\u307f\u30e2\u30b6\u30a4\u30af G024238<\/p>\n","protected":false},"featured_media":898,"template":"","meta":[],"product_cat":[217],"product_tag":[56,35,23,26],"class_list":{"0":"post-28670","1":"product","2":"type-product","3":"status-publish","4":"has-post-thumbnail","6":"product_cat-217","7":"product_tag-56","8":"product_tag-35","9":"product_tag-23","10":"product_tag-26","12":"first","13":"instock","14":"shipping-taxable","15":"purchasable","16":"product-type-simple"},"_links":{"self":[{"href":"https:\/\/nukiyadvd.com\/index.php?rest_route=\/wp\/v2\/product\/28670","targetHints":{"allow":["GET"]}}],"collection":[{"href":"https:\/\/nukiyadvd.com\/index.php?rest_route=\/wp\/v2\/product"}],"about":[{"href":"https:\/\/nukiyadvd.com\/index.php?rest_route=\/wp\/v2\/types\/product"}],"wp:featuredmedia":[{"embeddable":true,"href":"https:\/\/nukiyadvd.com\/index.php?rest_route=\/wp\/v2\/media\/898"}],"wp:attachment":[{"href":"https:\/\/nukiyadvd.com\/index.php?rest_route=%2Fwp%2Fv2%2Fmedia&parent=28670"}],"wp:term":[{"taxonomy":"product_cat","embeddable":true,"href":"https:\/\/nukiyadvd.com\/index.php?rest_route=%2Fwp%2Fv2%2Fproduct_cat&post=28670"},{"taxonomy":"product_tag","embeddable":true,"href":"https:\/\/nukiyadvd.com\/index.php?rest_route=%2Fwp%2Fv2%2Fproduct_tag&post=28670"}],"curies":[{"name":"wp","href":"https:\/\/api.w.org\/{rel}","templated":true}]}}